{"id":2262,"date":"2022-03-11T14:13:42","date_gmt":"2022-03-11T13:13:42","guid":{"rendered":"https:\/\/www.spottergps.com\/de\/?page_id=2262"},"modified":"2024-02-27T14:25:03","modified_gmt":"2024-02-27T13:25:03","slug":"marketing-und-public-relations","status":"publish","type":"page","link":"https:\/\/www.spottergps.com\/de\/faq\/algemein\/marketing-und-public-relations\/","title":{"rendered":"Marketing und Public Relations"},"content":{"rendered":"\n<p>Unsere Marketing- und Kommunikationsabteilung ist \u00fcber <a href=\"mailto:wendy@spottergps.com\"><span style=\"color: #333333\"><u>diese<\/u><\/span><\/a> E-Mail-Adresse zu erreichen. Sie k\u00f6nnen Kontakt mit dieser Abteilung aufnehmen f\u00fcr u. a. : Presse- und Medienkontakte, Marketingangelegenheiten, Partnerschaften und Sponsoring. Wir freuen uns darauf, von Ihnen zu h\u00f6ren!<\/p>\n<p>&nbsp;<\/p>\n<p>Tags: Medien, Presse, Marketingabteilung, Kommunikationsabteilung, PR<\/p>\n","protected":false},"excerpt":{"rendered":"<p>Unsere Marketing- und Kommunikationsabteilung ist \u00fcber diese E-Mail-Adresse zu erreichen. Sie k\u00f6nnen Kontakt mit dieser Abteilung aufnehmen f\u00fcr u. a. : Presse- und Medienkontakte, Marketingangelegenheiten, Partnerschaften und Sponsoring. Wir freuen uns darauf, von Ihnen zu h\u00f6ren! &nbsp; Tags: Medien, Presse, Marketingabteilung, Kommunikationsabteilung, PR<\/p>\n","protected":false},"author":5,"featured_media":0,"parent":2230,"menu_order":3,"comment_status":"closed","ping_status":"closed","template":"faq-content.php","meta":{"_acf_changed":false,"footnotes":""},"categories":[41],"tags":[],"class_list":["post-2262","page","type-page","status-publish","hentry","category-faq"],"acf":[],"yoast_head":"<!-- This site is optimized with the Yoast SEO plugin v25.9 - https:\/\/yoast.com\/wordpress\/plugins\/seo\/ -->\n<title>Marketing und Public Relations | Spotter Germany<\/title>\n<meta name=\"robots\" content=\"noindex, follow\" \/>\n<meta property=\"og:locale\" content=\"de_DE\" \/>\n<meta property=\"og:type\" content=\"article\" \/>\n<meta property=\"og:title\" content=\"Marketing und Public Relations | Spotter Germany\" \/>\n<meta property=\"og:description\" content=\"Unsere Marketing- und Kommunikationsabteilung ist \u00fcber diese E-Mail-Adresse zu erreichen. Sie k\u00f6nnen Kontakt mit dieser Abteilung aufnehmen f\u00fcr u. a. : Presse- und Medienkontakte, Marketingangelegenheiten, Partnerschaften und Sponsoring. Wir freuen uns darauf, von Ihnen zu h\u00f6ren! &nbsp; Tags: Medien, Presse, Marketingabteilung, Kommunikationsabteilung, PR\" \/>\n<meta property=\"og:url\" content=\"https:\/\/www.spottergps.com\/de\/faq\/algemein\/marketing-und-public-relations\/\" \/>\n<meta property=\"og:site_name\" content=\"Spotter Germany\" \/>\n<meta property=\"article:modified_time\" content=\"2024-02-27T13:25:03+00:00\" \/>\n<meta name=\"twitter:card\" content=\"summary_large_image\" \/>\n<script type=\"application\/ld+json\" class=\"yoast-schema-graph\">{\"@context\":\"https:\/\/schema.org\",\"@graph\":[{\"@type\":\"WebPage\",\"@id\":\"https:\/\/www.spottergps.com\/de\/faq\/algemein\/marketing-und-public-relations\/\",\"url\":\"https:\/\/www.spottergps.com\/de\/faq\/algemein\/marketing-und-public-relations\/\",\"name\":\"Marketing und Public Relations | Spotter Germany\",\"isPartOf\":{\"@id\":\"https:\/\/www.spottergps.com\/de\/#website\"},\"datePublished\":\"2022-03-11T13:13:42+00:00\",\"dateModified\":\"2024-02-27T13:25:03+00:00\",\"breadcrumb\":{\"@id\":\"https:\/\/www.spottergps.com\/de\/faq\/algemein\/marketing-und-public-relations\/#breadcrumb\"},\"inLanguage\":\"de\",\"potentialAction\":[{\"@type\":\"ReadAction\",\"target\":[\"https:\/\/www.spottergps.com\/de\/faq\/algemein\/marketing-und-public-relations\/\"]}]},{\"@type\":\"BreadcrumbList\",\"@id\":\"https:\/\/www.spottergps.com\/de\/faq\/algemein\/marketing-und-public-relations\/#breadcrumb\",\"itemListElement\":[{\"@type\":\"ListItem\",\"position\":1,\"name\":\"Home\",\"item\":\"https:\/\/www.spottergps.com\/de\/\"},{\"@type\":\"ListItem\",\"position\":2,\"name\":\"Wie k\u00f6nnen wir Ihnen helfen?\",\"item\":\"https:\/\/www.spottergps.com\/de\/faq\/\"},{\"@type\":\"ListItem\",\"position\":3,\"name\":\"Algemein\",\"item\":\"https:\/\/www.spottergps.com\/de\/faq\/algemein\/\"},{\"@type\":\"ListItem\",\"position\":4,\"name\":\"Marketing und Public Relations\"}]},{\"@type\":\"WebSite\",\"@id\":\"https:\/\/www.spottergps.com\/de\/#website\",\"url\":\"https:\/\/www.spottergps.com\/de\/\",\"name\":\"Spotter\",\"description\":\"Een andere Spotter websites site\",\"publisher\":{\"@id\":\"https:\/\/www.spottergps.com\/de\/#organization\"},\"potentialAction\":[{\"@type\":\"SearchAction\",\"target\":{\"@type\":\"EntryPoint\",\"urlTemplate\":\"https:\/\/www.spottergps.com\/de\/?s={search_term_string}\"},\"query-input\":{\"@type\":\"PropertyValueSpecification\",\"valueRequired\":true,\"valueName\":\"search_term_string\"}}],\"inLanguage\":\"de\"},{\"@type\":\"Organization\",\"@id\":\"https:\/\/www.spottergps.com\/de\/#organization\",\"name\":\"Spotter B.V.\",\"url\":\"https:\/\/www.spottergps.com\/de\/\",\"logo\":{\"@type\":\"ImageObject\",\"inLanguage\":\"de\",\"@id\":\"https:\/\/www.spottergps.com\/de\/#\/schema\/logo\/image\/\",\"url\":\"https:\/\/www.spottergps.com\/de\/wp-content\/uploads\/sites\/3\/2023\/02\/Spotter_logo.png\",\"contentUrl\":\"https:\/\/www.spottergps.com\/de\/wp-content\/uploads\/sites\/3\/2023\/02\/Spotter_logo.png\",\"width\":1500,\"height\":696,\"caption\":\"Spotter B.V.\"},\"image\":{\"@id\":\"https:\/\/www.spottergps.com\/de\/#\/schema\/logo\/image\/\"}}]}<\/script>\n<!-- \/ Yoast SEO plugin. -->","yoast_head_json":{"title":"Marketing und Public Relations | Spotter Germany","robots":{"index":"noindex","follow":"follow"},"og_locale":"de_DE","og_type":"article","og_title":"Marketing und Public Relations | Spotter Germany","og_description":"Unsere Marketing- und Kommunikationsabteilung ist \u00fcber diese E-Mail-Adresse zu erreichen. Sie k\u00f6nnen Kontakt mit dieser Abteilung aufnehmen f\u00fcr u. a. : Presse- und Medienkontakte, Marketingangelegenheiten, Partnerschaften und Sponsoring. Wir freuen uns darauf, von Ihnen zu h\u00f6ren! &nbsp; Tags: Medien, Presse, Marketingabteilung, Kommunikationsabteilung, PR","og_url":"https:\/\/www.spottergps.com\/de\/faq\/algemein\/marketing-und-public-relations\/","og_site_name":"Spotter Germany","article_modified_time":"2024-02-27T13:25:03+00:00","twitter_card":"summary_large_image","schema":{"@context":"https:\/\/schema.org","@graph":[{"@type":"WebPage","@id":"https:\/\/www.spottergps.com\/de\/faq\/algemein\/marketing-und-public-relations\/","url":"https:\/\/www.spottergps.com\/de\/faq\/algemein\/marketing-und-public-relations\/","name":"Marketing und Public Relations | Spotter Germany","isPartOf":{"@id":"https:\/\/www.spottergps.com\/de\/#website"},"datePublished":"2022-03-11T13:13:42+00:00","dateModified":"2024-02-27T13:25:03+00:00","breadcrumb":{"@id":"https:\/\/www.spottergps.com\/de\/faq\/algemein\/marketing-und-public-relations\/#breadcrumb"},"inLanguage":"de","potentialAction":[{"@type":"ReadAction","target":["https:\/\/www.spottergps.com\/de\/faq\/algemein\/marketing-und-public-relations\/"]}]},{"@type":"BreadcrumbList","@id":"https:\/\/www.spottergps.com\/de\/faq\/algemein\/marketing-und-public-relations\/#breadcrumb","itemListElement":[{"@type":"ListItem","position":1,"name":"Home","item":"https:\/\/www.spottergps.com\/de\/"},{"@type":"ListItem","position":2,"name":"Wie k\u00f6nnen wir Ihnen helfen?","item":"https:\/\/www.spottergps.com\/de\/faq\/"},{"@type":"ListItem","position":3,"name":"Algemein","item":"https:\/\/www.spottergps.com\/de\/faq\/algemein\/"},{"@type":"ListItem","position":4,"name":"Marketing und Public Relations"}]},{"@type":"WebSite","@id":"https:\/\/www.spottergps.com\/de\/#website","url":"https:\/\/www.spottergps.com\/de\/","name":"Spotter","description":"Een andere Spotter websites site","publisher":{"@id":"https:\/\/www.spottergps.com\/de\/#organization"},"potentialAction":[{"@type":"SearchAction","target":{"@type":"EntryPoint","urlTemplate":"https:\/\/www.spottergps.com\/de\/?s={search_term_string}"},"query-input":{"@type":"PropertyValueSpecification","valueRequired":true,"valueName":"search_term_string"}}],"inLanguage":"de"},{"@type":"Organization","@id":"https:\/\/www.spottergps.com\/de\/#organization","name":"Spotter B.V.","url":"https:\/\/www.spottergps.com\/de\/","logo":{"@type":"ImageObject","inLanguage":"de","@id":"https:\/\/www.spottergps.com\/de\/#\/schema\/logo\/image\/","url":"https:\/\/www.spottergps.com\/de\/wp-content\/uploads\/sites\/3\/2023\/02\/Spotter_logo.png","contentUrl":"https:\/\/www.spottergps.com\/de\/wp-content\/uploads\/sites\/3\/2023\/02\/Spotter_logo.png","width":1500,"height":696,"caption":"Spotter B.V."},"image":{"@id":"https:\/\/www.spottergps.com\/de\/#\/schema\/logo\/image\/"}}]}},"_links":{"self":[{"href":"https:\/\/www.spottergps.com\/de\/wp-json\/wp\/v2\/pages\/2262","targetHints":{"allow":["GET"]}}],"collection":[{"href":"https:\/\/www.spottergps.com\/de\/wp-json\/wp\/v2\/pages"}],"about":[{"href":"https:\/\/www.spottergps.com\/de\/wp-json\/wp\/v2\/types\/page"}],"author":[{"embeddable":true,"href":"https:\/\/www.spottergps.com\/de\/wp-json\/wp\/v2\/users\/5"}],"replies":[{"embeddable":true,"href":"https:\/\/www.spottergps.com\/de\/wp-json\/wp\/v2\/comments?post=2262"}],"version-history":[{"count":5,"href":"https:\/\/www.spottergps.com\/de\/wp-json\/wp\/v2\/pages\/2262\/revisions"}],"predecessor-version":[{"id":2778,"href":"https:\/\/www.spottergps.com\/de\/wp-json\/wp\/v2\/pages\/2262\/revisions\/2778"}],"up":[{"embeddable":true,"href":"https:\/\/www.spottergps.com\/de\/wp-json\/wp\/v2\/pages\/2230"}],"wp:attachment":[{"href":"https:\/\/www.spottergps.com\/de\/wp-json\/wp\/v2\/media?parent=2262"}],"wp:term":[{"taxonomy":"category","embeddable":true,"href":"https:\/\/www.spottergps.com\/de\/wp-json\/wp\/v2\/categories?post=2262"},{"taxonomy":"post_tag","embeddable":true,"href":"https:\/\/www.spottergps.com\/de\/wp-json\/wp\/v2\/tags?post=2262"}],"curies":[{"name":"wp","href":"https:\/\/api.w.org\/{rel}","templated":true}]}}