{"id":2243,"date":"2022-03-11T13:54:44","date_gmt":"2022-03-11T12:54:44","guid":{"rendered":"https:\/\/www.spottergps.com\/de\/?page_id=2243"},"modified":"2024-02-27T14:18:11","modified_gmt":"2024-02-27T13:18:11","slug":"antwortzeit-des-kundenservices","status":"publish","type":"page","link":"https:\/\/www.spottergps.com\/de\/faq\/algemein\/antwortzeit-des-kundenservices\/","title":{"rendered":"Antwortzeit des Kundenservices"},"content":{"rendered":"\n<p>Wir bem\u00fchen uns, Ihre Nachricht an Werktagen innerhalb von 48 Stunden zu beantworten. In der Praxis geschieht dies h\u00e4ufig innerhalb weniger Stunden. Wenn Sie das <span style=\"color: #333333\"><a style=\"color: #333333\" href=\"https:\/\/www.spottergps.com\/de\/kundenservice\/\">Kontaktformular<\/a> <\/span>vollst\u00e4ndig ausf\u00fcllen, haben wir sofort die Informationen, die wir f\u00fcr eine schnelle Bearbeitung Ihres Anliegens ben\u00f6tigen. Hier k\u00f6nnen Sie Ihre Frage stellen und Ihren Spotter-Code mitteilen. Entsprechend Ihren Fragen erhalten Sie von uns begleitendes Videomaterial in Form eines YouTube-Videos.<\/p>\n","protected":false},"excerpt":{"rendered":"<p>Wir bem\u00fchen uns, Ihre Nachricht an Werktagen innerhalb von 48 Stunden zu beantworten. In der Praxis geschieht dies h\u00e4ufig innerhalb weniger Stunden. Wenn Sie das Kontaktformular vollst\u00e4ndig ausf\u00fcllen, haben wir sofort die Informationen, die wir f\u00fcr eine schnelle Bearbeitung Ihres Anliegens ben\u00f6tigen. Hier k\u00f6nnen Sie Ihre Frage stellen und Ihren Spotter-Code mitteilen. Entsprechend Ihren Fragen [&hellip;]<\/p>\n","protected":false},"author":5,"featured_media":0,"parent":2230,"menu_order":3,"comment_status":"closed","ping_status":"closed","template":"faq-content.php","meta":{"_acf_changed":false,"footnotes":""},"categories":[41],"tags":[],"class_list":["post-2243","page","type-page","status-publish","hentry","category-faq"],"acf":[],"yoast_head":"<!-- This site is optimized with the Yoast SEO plugin v25.9 - https:\/\/yoast.com\/wordpress\/plugins\/seo\/ -->\n<title>Antwortzeit des Kundenservices | Spotter Germany<\/title>\n<meta name=\"robots\" content=\"noindex, follow\" \/>\n<meta property=\"og:locale\" content=\"de_DE\" \/>\n<meta property=\"og:type\" content=\"article\" \/>\n<meta property=\"og:title\" content=\"Antwortzeit des Kundenservices | Spotter Germany\" \/>\n<meta property=\"og:description\" content=\"Wir bem\u00fchen uns, Ihre Nachricht an Werktagen innerhalb von 48 Stunden zu beantworten. In der Praxis geschieht dies h\u00e4ufig innerhalb weniger Stunden. Wenn Sie das Kontaktformular vollst\u00e4ndig ausf\u00fcllen, haben wir sofort die Informationen, die wir f\u00fcr eine schnelle Bearbeitung Ihres Anliegens ben\u00f6tigen. Hier k\u00f6nnen Sie Ihre Frage stellen und Ihren Spotter-Code mitteilen. Entsprechend Ihren Fragen [&hellip;]\" \/>\n<meta property=\"og:url\" content=\"https:\/\/www.spottergps.com\/de\/faq\/algemein\/antwortzeit-des-kundenservices\/\" \/>\n<meta property=\"og:site_name\" content=\"Spotter Germany\" \/>\n<meta property=\"article:modified_time\" content=\"2024-02-27T13:18:11+00:00\" \/>\n<meta name=\"twitter:card\" content=\"summary_large_image\" \/>\n<script type=\"application\/ld+json\" class=\"yoast-schema-graph\">{\"@context\":\"https:\/\/schema.org\",\"@graph\":[{\"@type\":\"WebPage\",\"@id\":\"https:\/\/www.spottergps.com\/de\/faq\/algemein\/antwortzeit-des-kundenservices\/\",\"url\":\"https:\/\/www.spottergps.com\/de\/faq\/algemein\/antwortzeit-des-kundenservices\/\",\"name\":\"Antwortzeit des Kundenservices | Spotter Germany\",\"isPartOf\":{\"@id\":\"https:\/\/www.spottergps.com\/de\/#website\"},\"datePublished\":\"2022-03-11T12:54:44+00:00\",\"dateModified\":\"2024-02-27T13:18:11+00:00\",\"breadcrumb\":{\"@id\":\"https:\/\/www.spottergps.com\/de\/faq\/algemein\/antwortzeit-des-kundenservices\/#breadcrumb\"},\"inLanguage\":\"de\",\"potentialAction\":[{\"@type\":\"ReadAction\",\"target\":[\"https:\/\/www.spottergps.com\/de\/faq\/algemein\/antwortzeit-des-kundenservices\/\"]}]},{\"@type\":\"BreadcrumbList\",\"@id\":\"https:\/\/www.spottergps.com\/de\/faq\/algemein\/antwortzeit-des-kundenservices\/#breadcrumb\",\"itemListElement\":[{\"@type\":\"ListItem\",\"position\":1,\"name\":\"Home\",\"item\":\"https:\/\/www.spottergps.com\/de\/\"},{\"@type\":\"ListItem\",\"position\":2,\"name\":\"Wie k\u00f6nnen wir Ihnen helfen?\",\"item\":\"https:\/\/www.spottergps.com\/de\/faq\/\"},{\"@type\":\"ListItem\",\"position\":3,\"name\":\"Algemein\",\"item\":\"https:\/\/www.spottergps.com\/de\/faq\/algemein\/\"},{\"@type\":\"ListItem\",\"position\":4,\"name\":\"Antwortzeit des Kundenservices\"}]},{\"@type\":\"WebSite\",\"@id\":\"https:\/\/www.spottergps.com\/de\/#website\",\"url\":\"https:\/\/www.spottergps.com\/de\/\",\"name\":\"Spotter\",\"description\":\"Een andere Spotter websites site\",\"publisher\":{\"@id\":\"https:\/\/www.spottergps.com\/de\/#organization\"},\"potentialAction\":[{\"@type\":\"SearchAction\",\"target\":{\"@type\":\"EntryPoint\",\"urlTemplate\":\"https:\/\/www.spottergps.com\/de\/?s={search_term_string}\"},\"query-input\":{\"@type\":\"PropertyValueSpecification\",\"valueRequired\":true,\"valueName\":\"search_term_string\"}}],\"inLanguage\":\"de\"},{\"@type\":\"Organization\",\"@id\":\"https:\/\/www.spottergps.com\/de\/#organization\",\"name\":\"Spotter B.V.\",\"url\":\"https:\/\/www.spottergps.com\/de\/\",\"logo\":{\"@type\":\"ImageObject\",\"inLanguage\":\"de\",\"@id\":\"https:\/\/www.spottergps.com\/de\/#\/schema\/logo\/image\/\",\"url\":\"https:\/\/www.spottergps.com\/de\/wp-content\/uploads\/sites\/3\/2023\/02\/Spotter_logo.png\",\"contentUrl\":\"https:\/\/www.spottergps.com\/de\/wp-content\/uploads\/sites\/3\/2023\/02\/Spotter_logo.png\",\"width\":1500,\"height\":696,\"caption\":\"Spotter B.V.\"},\"image\":{\"@id\":\"https:\/\/www.spottergps.com\/de\/#\/schema\/logo\/image\/\"}}]}<\/script>\n<!-- \/ Yoast SEO plugin. -->","yoast_head_json":{"title":"Antwortzeit des Kundenservices | Spotter Germany","robots":{"index":"noindex","follow":"follow"},"og_locale":"de_DE","og_type":"article","og_title":"Antwortzeit des Kundenservices | Spotter Germany","og_description":"Wir bem\u00fchen uns, Ihre Nachricht an Werktagen innerhalb von 48 Stunden zu beantworten. In der Praxis geschieht dies h\u00e4ufig innerhalb weniger Stunden. Wenn Sie das Kontaktformular vollst\u00e4ndig ausf\u00fcllen, haben wir sofort die Informationen, die wir f\u00fcr eine schnelle Bearbeitung Ihres Anliegens ben\u00f6tigen. Hier k\u00f6nnen Sie Ihre Frage stellen und Ihren Spotter-Code mitteilen. Entsprechend Ihren Fragen [&hellip;]","og_url":"https:\/\/www.spottergps.com\/de\/faq\/algemein\/antwortzeit-des-kundenservices\/","og_site_name":"Spotter Germany","article_modified_time":"2024-02-27T13:18:11+00:00","twitter_card":"summary_large_image","schema":{"@context":"https:\/\/schema.org","@graph":[{"@type":"WebPage","@id":"https:\/\/www.spottergps.com\/de\/faq\/algemein\/antwortzeit-des-kundenservices\/","url":"https:\/\/www.spottergps.com\/de\/faq\/algemein\/antwortzeit-des-kundenservices\/","name":"Antwortzeit des Kundenservices | Spotter Germany","isPartOf":{"@id":"https:\/\/www.spottergps.com\/de\/#website"},"datePublished":"2022-03-11T12:54:44+00:00","dateModified":"2024-02-27T13:18:11+00:00","breadcrumb":{"@id":"https:\/\/www.spottergps.com\/de\/faq\/algemein\/antwortzeit-des-kundenservices\/#breadcrumb"},"inLanguage":"de","potentialAction":[{"@type":"ReadAction","target":["https:\/\/www.spottergps.com\/de\/faq\/algemein\/antwortzeit-des-kundenservices\/"]}]},{"@type":"BreadcrumbList","@id":"https:\/\/www.spottergps.com\/de\/faq\/algemein\/antwortzeit-des-kundenservices\/#breadcrumb","itemListElement":[{"@type":"ListItem","position":1,"name":"Home","item":"https:\/\/www.spottergps.com\/de\/"},{"@type":"ListItem","position":2,"name":"Wie k\u00f6nnen wir Ihnen helfen?","item":"https:\/\/www.spottergps.com\/de\/faq\/"},{"@type":"ListItem","position":3,"name":"Algemein","item":"https:\/\/www.spottergps.com\/de\/faq\/algemein\/"},{"@type":"ListItem","position":4,"name":"Antwortzeit des Kundenservices"}]},{"@type":"WebSite","@id":"https:\/\/www.spottergps.com\/de\/#website","url":"https:\/\/www.spottergps.com\/de\/","name":"Spotter","description":"Een andere Spotter websites site","publisher":{"@id":"https:\/\/www.spottergps.com\/de\/#organization"},"potentialAction":[{"@type":"SearchAction","target":{"@type":"EntryPoint","urlTemplate":"https:\/\/www.spottergps.com\/de\/?s={search_term_string}"},"query-input":{"@type":"PropertyValueSpecification","valueRequired":true,"valueName":"search_term_string"}}],"inLanguage":"de"},{"@type":"Organization","@id":"https:\/\/www.spottergps.com\/de\/#organization","name":"Spotter B.V.","url":"https:\/\/www.spottergps.com\/de\/","logo":{"@type":"ImageObject","inLanguage":"de","@id":"https:\/\/www.spottergps.com\/de\/#\/schema\/logo\/image\/","url":"https:\/\/www.spottergps.com\/de\/wp-content\/uploads\/sites\/3\/2023\/02\/Spotter_logo.png","contentUrl":"https:\/\/www.spottergps.com\/de\/wp-content\/uploads\/sites\/3\/2023\/02\/Spotter_logo.png","width":1500,"height":696,"caption":"Spotter B.V."},"image":{"@id":"https:\/\/www.spottergps.com\/de\/#\/schema\/logo\/image\/"}}]}},"_links":{"self":[{"href":"https:\/\/www.spottergps.com\/de\/wp-json\/wp\/v2\/pages\/2243","targetHints":{"allow":["GET"]}}],"collection":[{"href":"https:\/\/www.spottergps.com\/de\/wp-json\/wp\/v2\/pages"}],"about":[{"href":"https:\/\/www.spottergps.com\/de\/wp-json\/wp\/v2\/types\/page"}],"author":[{"embeddable":true,"href":"https:\/\/www.spottergps.com\/de\/wp-json\/wp\/v2\/users\/5"}],"replies":[{"embeddable":true,"href":"https:\/\/www.spottergps.com\/de\/wp-json\/wp\/v2\/comments?post=2243"}],"version-history":[{"count":3,"href":"https:\/\/www.spottergps.com\/de\/wp-json\/wp\/v2\/pages\/2243\/revisions"}],"predecessor-version":[{"id":2838,"href":"https:\/\/www.spottergps.com\/de\/wp-json\/wp\/v2\/pages\/2243\/revisions\/2838"}],"up":[{"embeddable":true,"href":"https:\/\/www.spottergps.com\/de\/wp-json\/wp\/v2\/pages\/2230"}],"wp:attachment":[{"href":"https:\/\/www.spottergps.com\/de\/wp-json\/wp\/v2\/media?parent=2243"}],"wp:term":[{"taxonomy":"category","embeddable":true,"href":"https:\/\/www.spottergps.com\/de\/wp-json\/wp\/v2\/categories?post=2243"},{"taxonomy":"post_tag","embeddable":true,"href":"https:\/\/www.spottergps.com\/de\/wp-json\/wp\/v2\/tags?post=2243"}],"curies":[{"name":"wp","href":"https:\/\/api.w.org\/{rel}","templated":true}]}}