{"id":1885,"date":"2021-05-07T11:12:40","date_gmt":"2021-05-07T10:12:40","guid":{"rendered":"http:\/\/www.spottergps.com\/de\/?page_id=1885"},"modified":"2026-03-02T16:24:47","modified_gmt":"2026-03-02T15:24:47","slug":"gps-tracker-hund","status":"publish","type":"page","link":"https:\/\/www.spottergps.com\/de\/gps-tracker-hund\/","title":{"rendered":"Der kleinste GPS-Tracker f\u00fcr Hunde"},"content":{"rendered":"\n<h2 class=\"wp-block-heading\"><em>Verfolgen Sie die Abenteuer Ihres Hundes mit dem Pet Spotter\u00ae<\/em> <\/h2>\n\n\n\n<p>Mit dem GPS-Hunde-Tracker von Spotter\u00ae sind Sie \u00fcber seine Abenteuer immer \u00fcber Smartphone im Bilde. Verfolgen Sie seinen Verbleib und sehen Sie sich an, was er in der Nacht getrieben hat. Richten Sie Zonen ein und erhalten Sie Meldung, sobald er diese betritt oder wieder verl\u00e4sst. Oder schauen Sie sich \u00fcber den Aktivit\u00e4tentracker an, wie aktiv Ihr Hund ist. Wegen der geringen Gr\u00f6\u00dfe (4 cm) und Gewichts von nur 21 Gramm ist der GPS-Hunde-Tracker das ideale Gadget f\u00fcr Hundebesitzerinnen und -besitzer.&nbsp;<\/p>\n","protected":false},"excerpt":{"rendered":"<p>Verfolgen Sie die Abenteuer Ihres Hundes mit dem Pet Spotter\u00ae Mit dem GPS-Hunde-Tracker von Spotter\u00ae sind Sie \u00fcber seine Abenteuer immer \u00fcber Smartphone im Bilde. Verfolgen Sie seinen Verbleib und sehen Sie sich an, was er in der Nacht getrieben hat. Richten Sie Zonen ein und erhalten Sie Meldung, sobald er diese betritt oder wieder [&hellip;]<\/p>\n","protected":false},"author":8,"featured_media":1891,"parent":0,"menu_order":11,"comment_status":"closed","ping_status":"closed","template":"","meta":{"_acf_changed":false,"footnotes":""},"categories":[],"tags":[],"class_list":["post-1885","page","type-page","status-publish","has-post-thumbnail","hentry"],"acf":[],"yoast_head":"<!-- This site is optimized with the Yoast SEO plugin v25.9 - https:\/\/yoast.com\/wordpress\/plugins\/seo\/ -->\n<title>GPS tracker f\u00fcr Hunde? Ohne Abonnement! Jetzt 30 \u20ac Rabatt<\/title>\n<meta name=\"description\" content=\"So wei\u00dft du immer, wo dein Hund ist und was er gemacht hat. GPS Tracker Hund mit Zonen, Aktivit\u00e4tstracker und mehr. Neugierig?\" \/>\n<meta name=\"robots\" content=\"index, follow, max-snippet:-1, max-image-preview:large, max-video-preview:-1\" \/>\n<link rel=\"canonical\" href=\"https:\/\/www.spottergps.com\/de\/gps-tracker-hund\/\" \/>\n<meta property=\"og:locale\" content=\"de_DE\" \/>\n<meta property=\"og:type\" content=\"article\" \/>\n<meta property=\"og:title\" content=\"GPS tracker f\u00fcr Hunde? Ohne Abonnement! Jetzt 30 \u20ac Rabatt\" \/>\n<meta property=\"og:description\" content=\"So wei\u00dft du immer, wo dein Hund ist und was er gemacht hat. GPS Tracker Hund mit Zonen, Aktivit\u00e4tstracker und mehr. Neugierig?\" \/>\n<meta property=\"og:url\" content=\"https:\/\/www.spottergps.com\/de\/gps-tracker-hund\/\" \/>\n<meta property=\"og:site_name\" content=\"Spotter Germany\" \/>\n<meta property=\"article:modified_time\" content=\"2026-03-02T15:24:47+00:00\" \/>\n<meta property=\"og:image\" content=\"https:\/\/www.spottergps.com\/de\/wp-content\/uploads\/sites\/3\/2021\/05\/gps-tracker-hunde-Pet-Spotter-hunde.jpg\" \/>\n\t<meta property=\"og:image:width\" content=\"572\" \/>\n\t<meta property=\"og:image:height\" content=\"691\" \/>\n\t<meta property=\"og:image:type\" content=\"image\/jpeg\" \/>\n<meta name=\"twitter:card\" content=\"summary_large_image\" \/>\n<meta name=\"twitter:label1\" content=\"Gesch\u00e4tzte Lesezeit\" \/>\n\t<meta name=\"twitter:data1\" content=\"1\u00a0Minute\" \/>\n<script type=\"application\/ld+json\" class=\"yoast-schema-graph\">{\"@context\":\"https:\/\/schema.org\",\"@graph\":[{\"@type\":\"WebPage\",\"@id\":\"https:\/\/www.spottergps.com\/de\/gps-tracker-hund\/\",\"url\":\"https:\/\/www.spottergps.com\/de\/gps-tracker-hund\/\",\"name\":\"GPS tracker f\u00fcr Hunde? Ohne Abonnement! Jetzt 30 \u20ac Rabatt\",\"isPartOf\":{\"@id\":\"https:\/\/www.spottergps.com\/de\/#website\"},\"primaryImageOfPage\":{\"@id\":\"https:\/\/www.spottergps.com\/de\/gps-tracker-hund\/#primaryimage\"},\"image\":{\"@id\":\"https:\/\/www.spottergps.com\/de\/gps-tracker-hund\/#primaryimage\"},\"thumbnailUrl\":\"https:\/\/www.spottergps.com\/de\/wp-content\/uploads\/sites\/3\/2021\/05\/gps-tracker-hunde-Pet-Spotter-hunde.jpg\",\"datePublished\":\"2021-05-07T10:12:40+00:00\",\"dateModified\":\"2026-03-02T15:24:47+00:00\",\"description\":\"So wei\u00dft du immer, wo dein Hund ist und was er gemacht hat. GPS Tracker Hund mit Zonen, Aktivit\u00e4tstracker und mehr. Neugierig?\",\"breadcrumb\":{\"@id\":\"https:\/\/www.spottergps.com\/de\/gps-tracker-hund\/#breadcrumb\"},\"inLanguage\":\"de\",\"potentialAction\":[{\"@type\":\"ReadAction\",\"target\":[\"https:\/\/www.spottergps.com\/de\/gps-tracker-hund\/\"]}]},{\"@type\":\"ImageObject\",\"inLanguage\":\"de\",\"@id\":\"https:\/\/www.spottergps.com\/de\/gps-tracker-hund\/#primaryimage\",\"url\":\"https:\/\/www.spottergps.com\/de\/wp-content\/uploads\/sites\/3\/2021\/05\/gps-tracker-hunde-Pet-Spotter-hunde.jpg\",\"contentUrl\":\"https:\/\/www.spottergps.com\/de\/wp-content\/uploads\/sites\/3\/2021\/05\/gps-tracker-hunde-Pet-Spotter-hunde.jpg\",\"width\":572,\"height\":691,\"caption\":\"gps tracker hunde - Pet Spotter hunde\"},{\"@type\":\"BreadcrumbList\",\"@id\":\"https:\/\/www.spottergps.com\/de\/gps-tracker-hund\/#breadcrumb\",\"itemListElement\":[{\"@type\":\"ListItem\",\"position\":1,\"name\":\"Home\",\"item\":\"https:\/\/www.spottergps.com\/de\/\"},{\"@type\":\"ListItem\",\"position\":2,\"name\":\"Der kleinste GPS-Tracker f\u00fcr Hunde\"}]},{\"@type\":\"WebSite\",\"@id\":\"https:\/\/www.spottergps.com\/de\/#website\",\"url\":\"https:\/\/www.spottergps.com\/de\/\",\"name\":\"Spotter\",\"description\":\"Een andere Spotter websites site\",\"publisher\":{\"@id\":\"https:\/\/www.spottergps.com\/de\/#organization\"},\"potentialAction\":[{\"@type\":\"SearchAction\",\"target\":{\"@type\":\"EntryPoint\",\"urlTemplate\":\"https:\/\/www.spottergps.com\/de\/?s={search_term_string}\"},\"query-input\":{\"@type\":\"PropertyValueSpecification\",\"valueRequired\":true,\"valueName\":\"search_term_string\"}}],\"inLanguage\":\"de\"},{\"@type\":\"Organization\",\"@id\":\"https:\/\/www.spottergps.com\/de\/#organization\",\"name\":\"Spotter B.V.\",\"url\":\"https:\/\/www.spottergps.com\/de\/\",\"logo\":{\"@type\":\"ImageObject\",\"inLanguage\":\"de\",\"@id\":\"https:\/\/www.spottergps.com\/de\/#\/schema\/logo\/image\/\",\"url\":\"https:\/\/www.spottergps.com\/de\/wp-content\/uploads\/sites\/3\/2023\/02\/Spotter_logo.png\",\"contentUrl\":\"https:\/\/www.spottergps.com\/de\/wp-content\/uploads\/sites\/3\/2023\/02\/Spotter_logo.png\",\"width\":1500,\"height\":696,\"caption\":\"Spotter B.V.\"},\"image\":{\"@id\":\"https:\/\/www.spottergps.com\/de\/#\/schema\/logo\/image\/\"}}]}<\/script>\n<!-- \/ Yoast SEO plugin. -->","yoast_head_json":{"title":"GPS tracker f\u00fcr Hunde? Ohne Abonnement! Jetzt 30 \u20ac Rabatt","description":"So wei\u00dft du immer, wo dein Hund ist und was er gemacht hat. GPS Tracker Hund mit Zonen, Aktivit\u00e4tstracker und mehr. Neugierig?","robots":{"index":"index","follow":"follow","max-snippet":"max-snippet:-1","max-image-preview":"max-image-preview:large","max-video-preview":"max-video-preview:-1"},"canonical":"https:\/\/www.spottergps.com\/de\/gps-tracker-hund\/","og_locale":"de_DE","og_type":"article","og_title":"GPS tracker f\u00fcr Hunde? Ohne Abonnement! Jetzt 30 \u20ac Rabatt","og_description":"So wei\u00dft du immer, wo dein Hund ist und was er gemacht hat. GPS Tracker Hund mit Zonen, Aktivit\u00e4tstracker und mehr. Neugierig?","og_url":"https:\/\/www.spottergps.com\/de\/gps-tracker-hund\/","og_site_name":"Spotter Germany","article_modified_time":"2026-03-02T15:24:47+00:00","og_image":[{"width":572,"height":691,"url":"https:\/\/www.spottergps.com\/de\/wp-content\/uploads\/sites\/3\/2021\/05\/gps-tracker-hunde-Pet-Spotter-hunde.jpg","type":"image\/jpeg"}],"twitter_card":"summary_large_image","twitter_misc":{"Gesch\u00e4tzte Lesezeit":"1\u00a0Minute"},"schema":{"@context":"https:\/\/schema.org","@graph":[{"@type":"WebPage","@id":"https:\/\/www.spottergps.com\/de\/gps-tracker-hund\/","url":"https:\/\/www.spottergps.com\/de\/gps-tracker-hund\/","name":"GPS tracker f\u00fcr Hunde? Ohne Abonnement! Jetzt 30 \u20ac Rabatt","isPartOf":{"@id":"https:\/\/www.spottergps.com\/de\/#website"},"primaryImageOfPage":{"@id":"https:\/\/www.spottergps.com\/de\/gps-tracker-hund\/#primaryimage"},"image":{"@id":"https:\/\/www.spottergps.com\/de\/gps-tracker-hund\/#primaryimage"},"thumbnailUrl":"https:\/\/www.spottergps.com\/de\/wp-content\/uploads\/sites\/3\/2021\/05\/gps-tracker-hunde-Pet-Spotter-hunde.jpg","datePublished":"2021-05-07T10:12:40+00:00","dateModified":"2026-03-02T15:24:47+00:00","description":"So wei\u00dft du immer, wo dein Hund ist und was er gemacht hat. GPS Tracker Hund mit Zonen, Aktivit\u00e4tstracker und mehr. Neugierig?","breadcrumb":{"@id":"https:\/\/www.spottergps.com\/de\/gps-tracker-hund\/#breadcrumb"},"inLanguage":"de","potentialAction":[{"@type":"ReadAction","target":["https:\/\/www.spottergps.com\/de\/gps-tracker-hund\/"]}]},{"@type":"ImageObject","inLanguage":"de","@id":"https:\/\/www.spottergps.com\/de\/gps-tracker-hund\/#primaryimage","url":"https:\/\/www.spottergps.com\/de\/wp-content\/uploads\/sites\/3\/2021\/05\/gps-tracker-hunde-Pet-Spotter-hunde.jpg","contentUrl":"https:\/\/www.spottergps.com\/de\/wp-content\/uploads\/sites\/3\/2021\/05\/gps-tracker-hunde-Pet-Spotter-hunde.jpg","width":572,"height":691,"caption":"gps tracker hunde - Pet Spotter hunde"},{"@type":"BreadcrumbList","@id":"https:\/\/www.spottergps.com\/de\/gps-tracker-hund\/#breadcrumb","itemListElement":[{"@type":"ListItem","position":1,"name":"Home","item":"https:\/\/www.spottergps.com\/de\/"},{"@type":"ListItem","position":2,"name":"Der kleinste GPS-Tracker f\u00fcr Hunde"}]},{"@type":"WebSite","@id":"https:\/\/www.spottergps.com\/de\/#website","url":"https:\/\/www.spottergps.com\/de\/","name":"Spotter","description":"Een andere Spotter websites site","publisher":{"@id":"https:\/\/www.spottergps.com\/de\/#organization"},"potentialAction":[{"@type":"SearchAction","target":{"@type":"EntryPoint","urlTemplate":"https:\/\/www.spottergps.com\/de\/?s={search_term_string}"},"query-input":{"@type":"PropertyValueSpecification","valueRequired":true,"valueName":"search_term_string"}}],"inLanguage":"de"},{"@type":"Organization","@id":"https:\/\/www.spottergps.com\/de\/#organization","name":"Spotter B.V.","url":"https:\/\/www.spottergps.com\/de\/","logo":{"@type":"ImageObject","inLanguage":"de","@id":"https:\/\/www.spottergps.com\/de\/#\/schema\/logo\/image\/","url":"https:\/\/www.spottergps.com\/de\/wp-content\/uploads\/sites\/3\/2023\/02\/Spotter_logo.png","contentUrl":"https:\/\/www.spottergps.com\/de\/wp-content\/uploads\/sites\/3\/2023\/02\/Spotter_logo.png","width":1500,"height":696,"caption":"Spotter B.V."},"image":{"@id":"https:\/\/www.spottergps.com\/de\/#\/schema\/logo\/image\/"}}]}},"_links":{"self":[{"href":"https:\/\/www.spottergps.com\/de\/wp-json\/wp\/v2\/pages\/1885","targetHints":{"allow":["GET"]}}],"collection":[{"href":"https:\/\/www.spottergps.com\/de\/wp-json\/wp\/v2\/pages"}],"about":[{"href":"https:\/\/www.spottergps.com\/de\/wp-json\/wp\/v2\/types\/page"}],"author":[{"embeddable":true,"href":"https:\/\/www.spottergps.com\/de\/wp-json\/wp\/v2\/users\/8"}],"replies":[{"embeddable":true,"href":"https:\/\/www.spottergps.com\/de\/wp-json\/wp\/v2\/comments?post=1885"}],"version-history":[{"count":42,"href":"https:\/\/www.spottergps.com\/de\/wp-json\/wp\/v2\/pages\/1885\/revisions"}],"predecessor-version":[{"id":7139,"href":"https:\/\/www.spottergps.com\/de\/wp-json\/wp\/v2\/pages\/1885\/revisions\/7139"}],"wp:featuredmedia":[{"embeddable":true,"href":"https:\/\/www.spottergps.com\/de\/wp-json\/wp\/v2\/media\/1891"}],"wp:attachment":[{"href":"https:\/\/www.spottergps.com\/de\/wp-json\/wp\/v2\/media?parent=1885"}],"wp:term":[{"taxonomy":"category","embeddable":true,"href":"https:\/\/www.spottergps.com\/de\/wp-json\/wp\/v2\/categories?post=1885"},{"taxonomy":"post_tag","embeddable":true,"href":"https:\/\/www.spottergps.com\/de\/wp-json\/wp\/v2\/tags?post=1885"}],"curies":[{"name":"wp","href":"https:\/\/api.w.org\/{rel}","templated":true}]}}