{"id":1591,"date":"2020-10-09T13:29:17","date_gmt":"2020-10-09T12:29:17","guid":{"rendered":"http:\/\/www.spottergps.com\/de\/?page_id=1591"},"modified":"2026-03-02T16:23:30","modified_gmt":"2026-03-02T15:23:30","slug":"gps-uhr","status":"publish","type":"page","link":"https:\/\/www.spottergps.com\/de\/gps-uhr\/","title":{"rendered":"Die GPS-Uhr f\u00fcr Kinder und Erwachsene"},"content":{"rendered":"\n<p>Die Spotter GPS Uhr ist DIE GPS Uhr f\u00fcr alles, was Ihnen lieb und teuer ist. Dank des einzigartigen Designs, kleinen Formats und geringen Gewichts \u00fcberzeugt diese Uhr durch eine attraktive Optik und einen hohen Tragekomfort. Da Sie aus drei Modellen ausw\u00e4hlen k\u00f6nnen, ist sowohl f\u00fcr <u><a href=\"http:\/\/www.spottergps.com\/de\/gps-uhr-kinder\/\">Kinder<\/a><\/u> als auch f\u00fcr <u><a href=\"http:\/\/www.spottergps.com\/de\/alarm-uhr-fuer-senioren\/\">Senioren<\/a><\/u> ein passendes Modell verf\u00fcgbar. Sie k\u00f6nnen sich \u00fcber einen Online-Account oder \u00fcber die Smartphone-App anmelden und direkt den Standort der GPS Uhr abrufen. Dar\u00fcber hinaus bietet die Spotter GPS Watch noch zahlreiche andere praktische Funktionen, die wir Ihnen hier unten vorstellen.<\/p>\n","protected":false},"excerpt":{"rendered":"<p>Die Spotter GPS Uhr ist DIE GPS Uhr f\u00fcr alles, was Ihnen lieb und teuer ist. Dank des einzigartigen Designs, kleinen Formats und geringen Gewichts \u00fcberzeugt diese Uhr durch eine attraktive Optik und einen hohen Tragekomfort. Da Sie aus drei Modellen ausw\u00e4hlen k\u00f6nnen, ist sowohl f\u00fcr Kinder als auch f\u00fcr Senioren ein passendes Modell verf\u00fcgbar. [&hellip;]<\/p>\n","protected":false},"author":8,"featured_media":0,"parent":0,"menu_order":11,"comment_status":"closed","ping_status":"closed","template":"","meta":{"_acf_changed":false,"footnotes":""},"categories":[],"tags":[],"class_list":["post-1591","page","type-page","status-publish","hentry"],"acf":[],"yoast_head":"<!-- This site is optimized with the Yoast SEO plugin v25.9 - https:\/\/yoast.com\/wordpress\/plugins\/seo\/ -->\n<title>GPS-Uhr f\u00fcr Kinder und Senioren | Jetzt 30 \u20ac Rabatt | Spotter\u00ae<\/title>\n<meta name=\"description\" content=\"Die GPS-Uhr f\u00fcr alles, was du liebst. Mit der Spotter GPS-Uhr k\u00f6nnen Sie per App sehen, wo jemand online ist. Mit SOS-Alarm, Schrittz\u00e4hler!\" \/>\n<meta name=\"robots\" content=\"index, follow, max-snippet:-1, max-image-preview:large, max-video-preview:-1\" \/>\n<link rel=\"canonical\" href=\"https:\/\/www.spottergps.com\/de\/gps-uhr\/\" \/>\n<meta property=\"og:locale\" content=\"de_DE\" \/>\n<meta property=\"og:type\" content=\"article\" \/>\n<meta property=\"og:title\" content=\"GPS-Uhr f\u00fcr Kinder und Senioren | Jetzt 30 \u20ac Rabatt | Spotter\u00ae\" \/>\n<meta property=\"og:description\" content=\"Die GPS-Uhr f\u00fcr alles, was du liebst. Mit der Spotter GPS-Uhr k\u00f6nnen Sie per App sehen, wo jemand online ist. Mit SOS-Alarm, Schrittz\u00e4hler!\" \/>\n<meta property=\"og:url\" content=\"https:\/\/www.spottergps.com\/de\/gps-uhr\/\" \/>\n<meta property=\"og:site_name\" content=\"Spotter Germany\" \/>\n<meta property=\"article:modified_time\" content=\"2026-03-02T15:23:30+00:00\" \/>\n<meta name=\"twitter:card\" content=\"summary_large_image\" \/>\n<meta name=\"twitter:label1\" content=\"Gesch\u00e4tzte Lesezeit\" \/>\n\t<meta name=\"twitter:data1\" content=\"1\u00a0Minute\" \/>\n<script type=\"application\/ld+json\" class=\"yoast-schema-graph\">{\"@context\":\"https:\/\/schema.org\",\"@graph\":[{\"@type\":\"WebPage\",\"@id\":\"https:\/\/www.spottergps.com\/de\/gps-uhr\/\",\"url\":\"https:\/\/www.spottergps.com\/de\/gps-uhr\/\",\"name\":\"GPS-Uhr f\u00fcr Kinder und Senioren | Jetzt 30 \u20ac Rabatt | Spotter\u00ae\",\"isPartOf\":{\"@id\":\"https:\/\/www.spottergps.com\/de\/#website\"},\"datePublished\":\"2020-10-09T12:29:17+00:00\",\"dateModified\":\"2026-03-02T15:23:30+00:00\",\"description\":\"Die GPS-Uhr f\u00fcr alles, was du liebst. Mit der Spotter GPS-Uhr k\u00f6nnen Sie per App sehen, wo jemand online ist. Mit SOS-Alarm, Schrittz\u00e4hler!\",\"breadcrumb\":{\"@id\":\"https:\/\/www.spottergps.com\/de\/gps-uhr\/#breadcrumb\"},\"inLanguage\":\"de\",\"potentialAction\":[{\"@type\":\"ReadAction\",\"target\":[\"https:\/\/www.spottergps.com\/de\/gps-uhr\/\"]}]},{\"@type\":\"BreadcrumbList\",\"@id\":\"https:\/\/www.spottergps.com\/de\/gps-uhr\/#breadcrumb\",\"itemListElement\":[{\"@type\":\"ListItem\",\"position\":1,\"name\":\"Home\",\"item\":\"https:\/\/www.spottergps.com\/de\/\"},{\"@type\":\"ListItem\",\"position\":2,\"name\":\"Die GPS-Uhr f\u00fcr Kinder und Erwachsene\"}]},{\"@type\":\"WebSite\",\"@id\":\"https:\/\/www.spottergps.com\/de\/#website\",\"url\":\"https:\/\/www.spottergps.com\/de\/\",\"name\":\"Spotter\",\"description\":\"Een andere Spotter websites site\",\"publisher\":{\"@id\":\"https:\/\/www.spottergps.com\/de\/#organization\"},\"potentialAction\":[{\"@type\":\"SearchAction\",\"target\":{\"@type\":\"EntryPoint\",\"urlTemplate\":\"https:\/\/www.spottergps.com\/de\/?s={search_term_string}\"},\"query-input\":{\"@type\":\"PropertyValueSpecification\",\"valueRequired\":true,\"valueName\":\"search_term_string\"}}],\"inLanguage\":\"de\"},{\"@type\":\"Organization\",\"@id\":\"https:\/\/www.spottergps.com\/de\/#organization\",\"name\":\"Spotter B.V.\",\"url\":\"https:\/\/www.spottergps.com\/de\/\",\"logo\":{\"@type\":\"ImageObject\",\"inLanguage\":\"de\",\"@id\":\"https:\/\/www.spottergps.com\/de\/#\/schema\/logo\/image\/\",\"url\":\"https:\/\/www.spottergps.com\/de\/wp-content\/uploads\/sites\/3\/2023\/02\/Spotter_logo.png\",\"contentUrl\":\"https:\/\/www.spottergps.com\/de\/wp-content\/uploads\/sites\/3\/2023\/02\/Spotter_logo.png\",\"width\":1500,\"height\":696,\"caption\":\"Spotter B.V.\"},\"image\":{\"@id\":\"https:\/\/www.spottergps.com\/de\/#\/schema\/logo\/image\/\"}}]}<\/script>\n<!-- \/ Yoast SEO plugin. -->","yoast_head_json":{"title":"GPS-Uhr f\u00fcr Kinder und Senioren | Jetzt 30 \u20ac Rabatt | Spotter\u00ae","description":"Die GPS-Uhr f\u00fcr alles, was du liebst. Mit der Spotter GPS-Uhr k\u00f6nnen Sie per App sehen, wo jemand online ist. Mit SOS-Alarm, Schrittz\u00e4hler!","robots":{"index":"index","follow":"follow","max-snippet":"max-snippet:-1","max-image-preview":"max-image-preview:large","max-video-preview":"max-video-preview:-1"},"canonical":"https:\/\/www.spottergps.com\/de\/gps-uhr\/","og_locale":"de_DE","og_type":"article","og_title":"GPS-Uhr f\u00fcr Kinder und Senioren | Jetzt 30 \u20ac Rabatt | Spotter\u00ae","og_description":"Die GPS-Uhr f\u00fcr alles, was du liebst. Mit der Spotter GPS-Uhr k\u00f6nnen Sie per App sehen, wo jemand online ist. Mit SOS-Alarm, Schrittz\u00e4hler!","og_url":"https:\/\/www.spottergps.com\/de\/gps-uhr\/","og_site_name":"Spotter Germany","article_modified_time":"2026-03-02T15:23:30+00:00","twitter_card":"summary_large_image","twitter_misc":{"Gesch\u00e4tzte Lesezeit":"1\u00a0Minute"},"schema":{"@context":"https:\/\/schema.org","@graph":[{"@type":"WebPage","@id":"https:\/\/www.spottergps.com\/de\/gps-uhr\/","url":"https:\/\/www.spottergps.com\/de\/gps-uhr\/","name":"GPS-Uhr f\u00fcr Kinder und Senioren | Jetzt 30 \u20ac Rabatt | Spotter\u00ae","isPartOf":{"@id":"https:\/\/www.spottergps.com\/de\/#website"},"datePublished":"2020-10-09T12:29:17+00:00","dateModified":"2026-03-02T15:23:30+00:00","description":"Die GPS-Uhr f\u00fcr alles, was du liebst. Mit der Spotter GPS-Uhr k\u00f6nnen Sie per App sehen, wo jemand online ist. Mit SOS-Alarm, Schrittz\u00e4hler!","breadcrumb":{"@id":"https:\/\/www.spottergps.com\/de\/gps-uhr\/#breadcrumb"},"inLanguage":"de","potentialAction":[{"@type":"ReadAction","target":["https:\/\/www.spottergps.com\/de\/gps-uhr\/"]}]},{"@type":"BreadcrumbList","@id":"https:\/\/www.spottergps.com\/de\/gps-uhr\/#breadcrumb","itemListElement":[{"@type":"ListItem","position":1,"name":"Home","item":"https:\/\/www.spottergps.com\/de\/"},{"@type":"ListItem","position":2,"name":"Die GPS-Uhr f\u00fcr Kinder und Erwachsene"}]},{"@type":"WebSite","@id":"https:\/\/www.spottergps.com\/de\/#website","url":"https:\/\/www.spottergps.com\/de\/","name":"Spotter","description":"Een andere Spotter websites site","publisher":{"@id":"https:\/\/www.spottergps.com\/de\/#organization"},"potentialAction":[{"@type":"SearchAction","target":{"@type":"EntryPoint","urlTemplate":"https:\/\/www.spottergps.com\/de\/?s={search_term_string}"},"query-input":{"@type":"PropertyValueSpecification","valueRequired":true,"valueName":"search_term_string"}}],"inLanguage":"de"},{"@type":"Organization","@id":"https:\/\/www.spottergps.com\/de\/#organization","name":"Spotter B.V.","url":"https:\/\/www.spottergps.com\/de\/","logo":{"@type":"ImageObject","inLanguage":"de","@id":"https:\/\/www.spottergps.com\/de\/#\/schema\/logo\/image\/","url":"https:\/\/www.spottergps.com\/de\/wp-content\/uploads\/sites\/3\/2023\/02\/Spotter_logo.png","contentUrl":"https:\/\/www.spottergps.com\/de\/wp-content\/uploads\/sites\/3\/2023\/02\/Spotter_logo.png","width":1500,"height":696,"caption":"Spotter B.V."},"image":{"@id":"https:\/\/www.spottergps.com\/de\/#\/schema\/logo\/image\/"}}]}},"_links":{"self":[{"href":"https:\/\/www.spottergps.com\/de\/wp-json\/wp\/v2\/pages\/1591","targetHints":{"allow":["GET"]}}],"collection":[{"href":"https:\/\/www.spottergps.com\/de\/wp-json\/wp\/v2\/pages"}],"about":[{"href":"https:\/\/www.spottergps.com\/de\/wp-json\/wp\/v2\/types\/page"}],"author":[{"embeddable":true,"href":"https:\/\/www.spottergps.com\/de\/wp-json\/wp\/v2\/users\/8"}],"replies":[{"embeddable":true,"href":"https:\/\/www.spottergps.com\/de\/wp-json\/wp\/v2\/comments?post=1591"}],"version-history":[{"count":48,"href":"https:\/\/www.spottergps.com\/de\/wp-json\/wp\/v2\/pages\/1591\/revisions"}],"predecessor-version":[{"id":6501,"href":"https:\/\/www.spottergps.com\/de\/wp-json\/wp\/v2\/pages\/1591\/revisions\/6501"}],"wp:attachment":[{"href":"https:\/\/www.spottergps.com\/de\/wp-json\/wp\/v2\/media?parent=1591"}],"wp:term":[{"taxonomy":"category","embeddable":true,"href":"https:\/\/www.spottergps.com\/de\/wp-json\/wp\/v2\/categories?post=1591"},{"taxonomy":"post_tag","embeddable":true,"href":"https:\/\/www.spottergps.com\/de\/wp-json\/wp\/v2\/tags?post=1591"}],"curies":[{"name":"wp","href":"https:\/\/api.w.org\/{rel}","templated":true}]}}