{"id":1588,"date":"2020-10-09T13:23:29","date_gmt":"2020-10-09T12:23:29","guid":{"rendered":"http:\/\/www.spottergps.com\/de\/?page_id=1588"},"modified":"2026-03-02T16:20:48","modified_gmt":"2026-03-02T15:20:48","slug":"gps-tracker","status":"publish","type":"page","link":"https:\/\/www.spottergps.com\/de\/gps-tracker\/","title":{"rendered":"GPS-Tracker kaufen? Die besten GPS-Tracker f\u00fcr Kind, Hund, Auto, Senioren &amp; mehr"},"content":{"rendered":"\n<h2>GPS-Tracker ganz ohne Abo, inklusive kostenloser App<\/h2>\n\n\n\n<p>Sie m\u00f6chten einen GPS-Tracker kaufen und sind sich noch nicht sicher, welcher Typ zu Ihnen passt? Dann sind Sie bei uns genau richtig. Ob Sie einen GPS-Tracker f\u00fcr Ihr Kind, einen GPS-Chip f\u00fcr Ihr Haustier oder einen automatischen Tracker f\u00fcr Ihr Auto suchen &#8211; wir helfen Ihnen weiter.<\/p>\n<p>Dank moderner Technologien sind Ortungsger\u00e4te, GPS-Ortungsmarken und GPS-Tracking-Tags erschwinglich, genau und einfach zu verwenden. Ob Sie Sicherheit suchen, den \u00dcberblick behalten wollen oder einfach nur einen ruhigeren Urlaub verbringen m\u00f6chten: Es gibt immer eine passende L\u00f6sung.<\/p>\n","protected":false},"excerpt":{"rendered":"<p>GPS-Tracker ganz ohne Abo, inklusive kostenloser App Sie m\u00f6chten einen GPS-Tracker kaufen und sind sich noch nicht sicher, welcher Typ zu Ihnen passt? Dann sind Sie bei uns genau richtig. Ob Sie einen GPS-Tracker f\u00fcr Ihr Kind, einen GPS-Chip f\u00fcr Ihr Haustier oder einen automatischen Tracker f\u00fcr Ihr Auto suchen &#8211; wir helfen Ihnen weiter. [&hellip;]<\/p>\n","protected":false},"author":8,"featured_media":5689,"parent":0,"menu_order":11,"comment_status":"closed","ping_status":"closed","template":"","meta":{"_acf_changed":false,"footnotes":""},"categories":[],"tags":[],"class_list":["post-1588","page","type-page","status-publish","has-post-thumbnail","hentry"],"acf":[],"yoast_head":"<!-- This site is optimized with the Yoast SEO plugin v25.9 - https:\/\/yoast.com\/wordpress\/plugins\/seo\/ -->\n<title>Spotter\u00ae GPS-Tracker f\u00fcr alles was Sie lieben | Jetzt 30 \u20ac Rabatt<\/title>\n<meta name=\"description\" content=\"Der GPS-Tracker f\u00fcr Kinder, Tiere, Senioren und Ihre Wertsachen. Online, App, Anruffunktion und ohne Abo. Funktioniert weltweit!\" \/>\n<meta name=\"robots\" content=\"index, follow, max-snippet:-1, max-image-preview:large, max-video-preview:-1\" \/>\n<link rel=\"canonical\" href=\"https:\/\/www.spottergps.com\/de\/gps-tracker\/\" \/>\n<meta property=\"og:locale\" content=\"de_DE\" \/>\n<meta property=\"og:type\" content=\"article\" \/>\n<meta property=\"og:title\" content=\"Spotter\u00ae GPS-Tracker f\u00fcr alles was Sie lieben | Jetzt 30 \u20ac Rabatt\" \/>\n<meta property=\"og:description\" content=\"Der GPS-Tracker f\u00fcr Kinder, Tiere, Senioren und Ihre Wertsachen. Online, App, Anruffunktion und ohne Abo. Funktioniert weltweit!\" \/>\n<meta property=\"og:url\" content=\"https:\/\/www.spottergps.com\/de\/gps-tracker\/\" \/>\n<meta property=\"og:site_name\" content=\"Spotter Germany\" \/>\n<meta property=\"article:modified_time\" content=\"2026-03-02T15:20:48+00:00\" \/>\n<meta property=\"og:image\" content=\"https:\/\/www.spottergps.com\/de\/wp-content\/uploads\/sites\/3\/2024\/12\/GPS-tracker-Spotter.jpg\" \/>\n\t<meta property=\"og:image:width\" content=\"1600\" \/>\n\t<meta property=\"og:image:height\" content=\"1600\" \/>\n\t<meta property=\"og:image:type\" content=\"image\/jpeg\" \/>\n<meta name=\"twitter:card\" content=\"summary_large_image\" \/>\n<meta name=\"twitter:label1\" content=\"Gesch\u00e4tzte Lesezeit\" \/>\n\t<meta name=\"twitter:data1\" content=\"1\u00a0Minute\" \/>\n<script type=\"application\/ld+json\" class=\"yoast-schema-graph\">{\"@context\":\"https:\/\/schema.org\",\"@graph\":[{\"@type\":\"WebPage\",\"@id\":\"https:\/\/www.spottergps.com\/de\/gps-tracker\/\",\"url\":\"https:\/\/www.spottergps.com\/de\/gps-tracker\/\",\"name\":\"Spotter\u00ae GPS-Tracker f\u00fcr alles was Sie lieben | Jetzt 30 \u20ac Rabatt\",\"isPartOf\":{\"@id\":\"https:\/\/www.spottergps.com\/de\/#website\"},\"primaryImageOfPage\":{\"@id\":\"https:\/\/www.spottergps.com\/de\/gps-tracker\/#primaryimage\"},\"image\":{\"@id\":\"https:\/\/www.spottergps.com\/de\/gps-tracker\/#primaryimage\"},\"thumbnailUrl\":\"https:\/\/www.spottergps.com\/de\/wp-content\/uploads\/sites\/3\/2024\/12\/GPS-tracker-Spotter.jpg\",\"datePublished\":\"2020-10-09T12:23:29+00:00\",\"dateModified\":\"2026-03-02T15:20:48+00:00\",\"description\":\"Der GPS-Tracker f\u00fcr Kinder, Tiere, Senioren und Ihre Wertsachen. Online, App, Anruffunktion und ohne Abo. Funktioniert weltweit!\",\"breadcrumb\":{\"@id\":\"https:\/\/www.spottergps.com\/de\/gps-tracker\/#breadcrumb\"},\"inLanguage\":\"de\",\"potentialAction\":[{\"@type\":\"ReadAction\",\"target\":[\"https:\/\/www.spottergps.com\/de\/gps-tracker\/\"]}]},{\"@type\":\"ImageObject\",\"inLanguage\":\"de\",\"@id\":\"https:\/\/www.spottergps.com\/de\/gps-tracker\/#primaryimage\",\"url\":\"https:\/\/www.spottergps.com\/de\/wp-content\/uploads\/sites\/3\/2024\/12\/GPS-tracker-Spotter.jpg\",\"contentUrl\":\"https:\/\/www.spottergps.com\/de\/wp-content\/uploads\/sites\/3\/2024\/12\/GPS-tracker-Spotter.jpg\",\"width\":1600,\"height\":1600,\"caption\":\"GPS-tracker-Spotter-ohne abo\"},{\"@type\":\"BreadcrumbList\",\"@id\":\"https:\/\/www.spottergps.com\/de\/gps-tracker\/#breadcrumb\",\"itemListElement\":[{\"@type\":\"ListItem\",\"position\":1,\"name\":\"Home\",\"item\":\"https:\/\/www.spottergps.com\/de\/\"},{\"@type\":\"ListItem\",\"position\":2,\"name\":\"GPS-Tracker kaufen? Die besten GPS-Tracker f\u00fcr Kind, Hund, Auto, Senioren &amp; mehr\"}]},{\"@type\":\"WebSite\",\"@id\":\"https:\/\/www.spottergps.com\/de\/#website\",\"url\":\"https:\/\/www.spottergps.com\/de\/\",\"name\":\"Spotter\",\"description\":\"Een andere Spotter websites site\",\"publisher\":{\"@id\":\"https:\/\/www.spottergps.com\/de\/#organization\"},\"potentialAction\":[{\"@type\":\"SearchAction\",\"target\":{\"@type\":\"EntryPoint\",\"urlTemplate\":\"https:\/\/www.spottergps.com\/de\/?s={search_term_string}\"},\"query-input\":{\"@type\":\"PropertyValueSpecification\",\"valueRequired\":true,\"valueName\":\"search_term_string\"}}],\"inLanguage\":\"de\"},{\"@type\":\"Organization\",\"@id\":\"https:\/\/www.spottergps.com\/de\/#organization\",\"name\":\"Spotter B.V.\",\"url\":\"https:\/\/www.spottergps.com\/de\/\",\"logo\":{\"@type\":\"ImageObject\",\"inLanguage\":\"de\",\"@id\":\"https:\/\/www.spottergps.com\/de\/#\/schema\/logo\/image\/\",\"url\":\"https:\/\/www.spottergps.com\/de\/wp-content\/uploads\/sites\/3\/2023\/02\/Spotter_logo.png\",\"contentUrl\":\"https:\/\/www.spottergps.com\/de\/wp-content\/uploads\/sites\/3\/2023\/02\/Spotter_logo.png\",\"width\":1500,\"height\":696,\"caption\":\"Spotter B.V.\"},\"image\":{\"@id\":\"https:\/\/www.spottergps.com\/de\/#\/schema\/logo\/image\/\"}}]}<\/script>\n<!-- \/ Yoast SEO plugin. -->","yoast_head_json":{"title":"Spotter\u00ae GPS-Tracker f\u00fcr alles was Sie lieben | Jetzt 30 \u20ac Rabatt","description":"Der GPS-Tracker f\u00fcr Kinder, Tiere, Senioren und Ihre Wertsachen. Online, App, Anruffunktion und ohne Abo. Funktioniert weltweit!","robots":{"index":"index","follow":"follow","max-snippet":"max-snippet:-1","max-image-preview":"max-image-preview:large","max-video-preview":"max-video-preview:-1"},"canonical":"https:\/\/www.spottergps.com\/de\/gps-tracker\/","og_locale":"de_DE","og_type":"article","og_title":"Spotter\u00ae GPS-Tracker f\u00fcr alles was Sie lieben | Jetzt 30 \u20ac Rabatt","og_description":"Der GPS-Tracker f\u00fcr Kinder, Tiere, Senioren und Ihre Wertsachen. Online, App, Anruffunktion und ohne Abo. Funktioniert weltweit!","og_url":"https:\/\/www.spottergps.com\/de\/gps-tracker\/","og_site_name":"Spotter Germany","article_modified_time":"2026-03-02T15:20:48+00:00","og_image":[{"width":1600,"height":1600,"url":"https:\/\/www.spottergps.com\/de\/wp-content\/uploads\/sites\/3\/2024\/12\/GPS-tracker-Spotter.jpg","type":"image\/jpeg"}],"twitter_card":"summary_large_image","twitter_misc":{"Gesch\u00e4tzte Lesezeit":"1\u00a0Minute"},"schema":{"@context":"https:\/\/schema.org","@graph":[{"@type":"WebPage","@id":"https:\/\/www.spottergps.com\/de\/gps-tracker\/","url":"https:\/\/www.spottergps.com\/de\/gps-tracker\/","name":"Spotter\u00ae GPS-Tracker f\u00fcr alles was Sie lieben | Jetzt 30 \u20ac Rabatt","isPartOf":{"@id":"https:\/\/www.spottergps.com\/de\/#website"},"primaryImageOfPage":{"@id":"https:\/\/www.spottergps.com\/de\/gps-tracker\/#primaryimage"},"image":{"@id":"https:\/\/www.spottergps.com\/de\/gps-tracker\/#primaryimage"},"thumbnailUrl":"https:\/\/www.spottergps.com\/de\/wp-content\/uploads\/sites\/3\/2024\/12\/GPS-tracker-Spotter.jpg","datePublished":"2020-10-09T12:23:29+00:00","dateModified":"2026-03-02T15:20:48+00:00","description":"Der GPS-Tracker f\u00fcr Kinder, Tiere, Senioren und Ihre Wertsachen. Online, App, Anruffunktion und ohne Abo. Funktioniert weltweit!","breadcrumb":{"@id":"https:\/\/www.spottergps.com\/de\/gps-tracker\/#breadcrumb"},"inLanguage":"de","potentialAction":[{"@type":"ReadAction","target":["https:\/\/www.spottergps.com\/de\/gps-tracker\/"]}]},{"@type":"ImageObject","inLanguage":"de","@id":"https:\/\/www.spottergps.com\/de\/gps-tracker\/#primaryimage","url":"https:\/\/www.spottergps.com\/de\/wp-content\/uploads\/sites\/3\/2024\/12\/GPS-tracker-Spotter.jpg","contentUrl":"https:\/\/www.spottergps.com\/de\/wp-content\/uploads\/sites\/3\/2024\/12\/GPS-tracker-Spotter.jpg","width":1600,"height":1600,"caption":"GPS-tracker-Spotter-ohne abo"},{"@type":"BreadcrumbList","@id":"https:\/\/www.spottergps.com\/de\/gps-tracker\/#breadcrumb","itemListElement":[{"@type":"ListItem","position":1,"name":"Home","item":"https:\/\/www.spottergps.com\/de\/"},{"@type":"ListItem","position":2,"name":"GPS-Tracker kaufen? Die besten GPS-Tracker f\u00fcr Kind, Hund, Auto, Senioren &amp; mehr"}]},{"@type":"WebSite","@id":"https:\/\/www.spottergps.com\/de\/#website","url":"https:\/\/www.spottergps.com\/de\/","name":"Spotter","description":"Een andere Spotter websites site","publisher":{"@id":"https:\/\/www.spottergps.com\/de\/#organization"},"potentialAction":[{"@type":"SearchAction","target":{"@type":"EntryPoint","urlTemplate":"https:\/\/www.spottergps.com\/de\/?s={search_term_string}"},"query-input":{"@type":"PropertyValueSpecification","valueRequired":true,"valueName":"search_term_string"}}],"inLanguage":"de"},{"@type":"Organization","@id":"https:\/\/www.spottergps.com\/de\/#organization","name":"Spotter B.V.","url":"https:\/\/www.spottergps.com\/de\/","logo":{"@type":"ImageObject","inLanguage":"de","@id":"https:\/\/www.spottergps.com\/de\/#\/schema\/logo\/image\/","url":"https:\/\/www.spottergps.com\/de\/wp-content\/uploads\/sites\/3\/2023\/02\/Spotter_logo.png","contentUrl":"https:\/\/www.spottergps.com\/de\/wp-content\/uploads\/sites\/3\/2023\/02\/Spotter_logo.png","width":1500,"height":696,"caption":"Spotter B.V."},"image":{"@id":"https:\/\/www.spottergps.com\/de\/#\/schema\/logo\/image\/"}}]}},"_links":{"self":[{"href":"https:\/\/www.spottergps.com\/de\/wp-json\/wp\/v2\/pages\/1588","targetHints":{"allow":["GET"]}}],"collection":[{"href":"https:\/\/www.spottergps.com\/de\/wp-json\/wp\/v2\/pages"}],"about":[{"href":"https:\/\/www.spottergps.com\/de\/wp-json\/wp\/v2\/types\/page"}],"author":[{"embeddable":true,"href":"https:\/\/www.spottergps.com\/de\/wp-json\/wp\/v2\/users\/8"}],"replies":[{"embeddable":true,"href":"https:\/\/www.spottergps.com\/de\/wp-json\/wp\/v2\/comments?post=1588"}],"version-history":[{"count":98,"href":"https:\/\/www.spottergps.com\/de\/wp-json\/wp\/v2\/pages\/1588\/revisions"}],"predecessor-version":[{"id":7100,"href":"https:\/\/www.spottergps.com\/de\/wp-json\/wp\/v2\/pages\/1588\/revisions\/7100"}],"wp:featuredmedia":[{"embeddable":true,"href":"https:\/\/www.spottergps.com\/de\/wp-json\/wp\/v2\/media\/5689"}],"wp:attachment":[{"href":"https:\/\/www.spottergps.com\/de\/wp-json\/wp\/v2\/media?parent=1588"}],"wp:term":[{"taxonomy":"category","embeddable":true,"href":"https:\/\/www.spottergps.com\/de\/wp-json\/wp\/v2\/categories?post=1588"},{"taxonomy":"post_tag","embeddable":true,"href":"https:\/\/www.spottergps.com\/de\/wp-json\/wp\/v2\/tags?post=1588"}],"curies":[{"name":"wp","href":"https:\/\/api.w.org\/{rel}","templated":true}]}}